{"id":12,"date":"2023-10-12T18:11:42","date_gmt":"2023-10-12T17:11:42","guid":{"rendered":"https:\/\/maiamedispa.com\/?page_id=12"},"modified":"2024-04-28T21:42:04","modified_gmt":"2024-04-29T01:42:04","slug":"home","status":"publish","type":"page","link":"https:\/\/maiamedispa.com\/fr\/","title":{"rendered":"M\u00e9dispa Maia"},"content":{"rendered":"<div class=\"wp-block-cover alignfull hestia-clear-top-padding\"><span aria-hidden=\"true\" class=\"wp-block-cover__background has-black-background-color has-background-dim-100 has-background-dim\"><\/span><div class=\"wp-block-cover__inner-container is-layout-flow wp-block-cover-is-layout-flow\">\n<h2 class=\"wp-block-heading has-text-align-center has-white-color has-text-color\">Nos services<\/h2>\n\n\n\n<p class=\"has-text-align-center\">Chez Maia Medispa, nous proposons de nombreux services et traitements esth\u00e9tiques et cosm\u00e9tiques, des drainages lymphatiques post-op\u00e9ratoires et plus encore. Veuillez consulter notre liste de prix<a href=\"#price-disclaimer\" title=\"GST and PST tax rates apply to all services.\">*<\/a> ci-dessous :<\/p>\n\n\n\n<div style=\"height:40px\" aria-hidden=\"true\" class=\"wp-block-spacer\"><\/div>\n\n\n\n<div class=\"wp-block-columns container is-layout-flex wp-container-core-columns-is-layout-1 wp-block-columns-is-layout-flex\">\n<div class=\"wp-block-column is-layout-flow wp-block-column-is-layout-flow\"><div class=\"wp-block-image is-style-rounded\">\n<figure class=\"aligncenter size-full\"><img loading=\"lazy\" decoding=\"async\" width=\"225\" height=\"150\" src=\"https:\/\/maiamedispa.com\/wp-content\/uploads\/2023\/10\/services-lymphatic-drainage-150.png\" alt=\"Lymphatic Massages\" class=\"wp-image-109\"\/><\/figure><\/div>\n\n\n<h5 class=\"wp-block-heading has-text-align-center has-text-color\" style=\"color:#af574b;font-size:18px\">Massage de drainage lymphatique<\/h5>\n\n\n\n<ul>\n<li>1 s\u00e9ance : 140,00 $ par s\u00e9ance<\/li>\n\n\n\n<li>5 s\u00e9ances : 135,00 $ par s\u00e9ance<\/li>\n\n\n\n<li>10 s\u00e9ances : 130,00 $ par s\u00e9ance<\/li>\n<\/ul>\n\n\n\n<div class=\"wp-block-buttons is-layout-flex wp-block-buttons-is-layout-flex\">\n<div class=\"wp-block-button has-custom-width wp-block-button__width-100 is-style-fill\"><a class=\"wp-block-button__link has-text-align-center wp-element-button\" href=\"https:\/\/maiamedispa.com\/fr\/lymphatic-drainage\/\">En savoir plus<\/a><\/div>\n<\/div>\n\n\n\n<div style=\"height:25px\" aria-hidden=\"true\" class=\"wp-block-spacer\"><\/div>\n<\/div>\n\n\n\n<div class=\"wp-block-column is-layout-flow wp-block-column-is-layout-flow\"><div class=\"wp-block-image is-style-rounded\">\n<figure class=\"aligncenter size-full\"><img loading=\"lazy\" decoding=\"async\" width=\"225\" height=\"150\" src=\"https:\/\/maiamedispa.com\/wp-content\/uploads\/2023\/10\/services-facials-150.png\" alt=\"Facials\" class=\"wp-image-110\"\/><\/figure><\/div>\n\n\n<h5 class=\"wp-block-heading has-text-align-center has-text-color\" style=\"color:#af574b;font-size:18px\">Traitements faciaux<\/h5>\n\n\n\n<ul>\n<li>Soins du visage de base : 110,00 $<\/li>\n\n\n\n<li>Soins du visage de luxe : 130,00 $<\/li>\n<\/ul>\n\n\n\n<div style=\"height:25px\" aria-hidden=\"true\" class=\"wp-block-spacer\"><\/div>\n\n\n\n<div class=\"wp-block-buttons is-layout-flex wp-block-buttons-is-layout-flex\">\n<div class=\"wp-block-button has-custom-width wp-block-button__width-100\"><a class=\"wp-block-button__link wp-element-button\" href=\"https:\/\/maiamedispa.com\/fr\/facials\/\">Obtenir les d\u00e9tails<\/a><\/div>\n<\/div>\n<\/div>\n\n\n\n<div class=\"wp-block-column is-layout-flow wp-block-column-is-layout-flow\"><div class=\"wp-block-image is-style-rounded\">\n<figure class=\"aligncenter size-full\"><img loading=\"lazy\" decoding=\"async\" width=\"225\" height=\"150\" src=\"https:\/\/maiamedispa.com\/wp-content\/uploads\/2023\/10\/services-wood-therapy-150.png\" alt=\"Wood Therapy\" class=\"wp-image-111\"\/><\/figure><\/div>\n\n\n<h5 class=\"wp-block-heading has-text-align-center has-text-color\" style=\"color:#af574b;font-size:18px\">Mad\u00e9roth\u00e9rapie<\/h5>\n\n\n\n<ul>\n<li>Massage r\u00e9ducteur colombien : 140,00 $<\/li>\n\n\n\n<li>Soins du visage \u00e0 la mad\u00e9roth\u00e9rapie : 80,00 $<\/li>\n<\/ul>\n\n\n\n<div class=\"wp-block-buttons is-layout-flex wp-block-buttons-is-layout-flex\">\n<div class=\"wp-block-button has-custom-width wp-block-button__width-100\"><a class=\"wp-block-button__link wp-element-button\" href=\"https:\/\/maiamedispa.com\/fr\/wood-therapy\/\">D\u00e9couvrir la mad\u00e9roth\u00e9rapie<\/a><\/div>\n<\/div>\n\n\n\n<div style=\"height:25px\" aria-hidden=\"true\" class=\"wp-block-spacer\"><\/div>\n<\/div>\n\n\n\n<div class=\"wp-block-column is-layout-flow wp-block-column-is-layout-flow\"><div class=\"wp-block-image is-style-rounded\">\n<figure class=\"aligncenter size-full\"><img loading=\"lazy\" decoding=\"async\" width=\"225\" height=\"150\" src=\"https:\/\/maiamedispa.com\/wp-content\/uploads\/2023\/10\/services-injections-150.png\" alt=\"Cosmetic Treatments\" class=\"wp-image-112\"\/><\/figure><\/div>\n\n\n<h5 class=\"wp-block-heading has-text-align-center has-text-color\" style=\"color:#af574b;font-size:18px\">Traitements cosm\u00e9tiques<\/h5>\n\n\n\n<ul>\n<li>Neuromodulators: $9.50 per unit<\/li>\n\n\n\n<li>Agents de comblement : 580,00 $ par seringue (de 1 mL)<\/li>\n<\/ul>\n\n\n\n<p><\/p>\n\n\n\n<div class=\"wp-block-buttons is-layout-flex wp-block-buttons-is-layout-flex\">\n<div class=\"wp-block-button has-custom-width wp-block-button__width-100\"><a class=\"wp-block-button__link wp-element-button\" href=\"https:\/\/maiamedispa.com\/fr\/cosmetic-treatments\/\">Lire la suite<\/a><\/div>\n<\/div>\n\n\n\n<div style=\"height:25px\" aria-hidden=\"true\" class=\"wp-block-spacer\"><\/div>\n<\/div>\n<\/div>\n\n\n\n<p class=\"has-text-align-center has-text-color\" id=\"price-disclaimer\" style=\"color:#e9a68e\">* Veuillez noter que les prix affich\u00e9s n'incluent pas les taxes applicables. Les taux de la TPS et de la TVQ s'appliquent \u00e0 tous les services.<\/p>\n\n\n\n<div style=\"height:40px\" aria-hidden=\"true\" class=\"wp-block-spacer\"><\/div>\n<\/div><\/div>\n\n\n\n<div class=\"wp-block-columns container is-layout-flex wp-container-core-columns-is-layout-2 wp-block-columns-is-layout-flex\">\n<div class=\"wp-block-column col-md-5 is-layout-flow wp-block-column-is-layout-flow\">\n<div style=\"height:55px\" aria-hidden=\"true\" class=\"wp-block-spacer\"><\/div>\n\n\n\n<h2 class=\"wp-block-heading\">\u00c0 propos de M\u00e9dispa Maia<\/h2>\n\n\n\n<p>Maia Medispa est situ\u00e9 au coeur du quartier Vimont \u00e0 Laval, Qu\u00e9bec. Nous offrons des services cosm\u00e9tiques et esth\u00e9tiques professionnels, tels que le remplissage dermique, les neuromodulateurs, les soins du visage, la th\u00e9rapie du bois et les massages lymphatiques. Vous pouvez prendre rendez-vous avec nos infirmi\u00e8res et nos professionnels de l'esth\u00e9tique en utilisant notre <a href=\"https:\/\/www.fresha.com\/fr\/book-now\/medispa-maia-inc-jrr0hcd5\/services?lid=1139873&amp;pId=1081023\" target=\"_blank\" rel=\"noopener\" title=\"\">syst\u00e8me de r\u00e9servation en ligne<\/a>.<\/p>\n<\/div>\n<\/div>","protected":false},"excerpt":{"rendered":"<p>About Maia Medispa Maia Medispa is located in the heart of the Vimont district in Laval, Quebec. We offer professional cosmetic and aesthetic services, such as dermal fillers, neuromodulators, facials, wood therapy and lymphatic massages. You can book an appointment with our nurses and aesthetic professionals using our online booking [&hellip;]<\/p>","protected":false},"author":3,"featured_media":155,"parent":0,"menu_order":0,"comment_status":"closed","ping_status":"closed","template":"","meta":{"om_disable_all_campaigns":false,"_monsterinsights_skip_tracking":false,"_monsterinsights_sitenote_active":false,"_monsterinsights_sitenote_note":"","_monsterinsights_sitenote_category":0,"footnotes":""},"aioseo_notices":[],"_links":{"self":[{"href":"https:\/\/maiamedispa.com\/fr\/wp-json\/wp\/v2\/pages\/12"}],"collection":[{"href":"https:\/\/maiamedispa.com\/fr\/wp-json\/wp\/v2\/pages"}],"about":[{"href":"https:\/\/maiamedispa.com\/fr\/wp-json\/wp\/v2\/types\/page"}],"author":[{"embeddable":true,"href":"https:\/\/maiamedispa.com\/fr\/wp-json\/wp\/v2\/users\/3"}],"replies":[{"embeddable":true,"href":"https:\/\/maiamedispa.com\/fr\/wp-json\/wp\/v2\/comments?post=12"}],"version-history":[{"count":33,"href":"https:\/\/maiamedispa.com\/fr\/wp-json\/wp\/v2\/pages\/12\/revisions"}],"predecessor-version":[{"id":459,"href":"https:\/\/maiamedispa.com\/fr\/wp-json\/wp\/v2\/pages\/12\/revisions\/459"}],"wp:featuredmedia":[{"embeddable":true,"href":"https:\/\/maiamedispa.com\/fr\/wp-json\/wp\/v2\/media\/155"}],"wp:attachment":[{"href":"https:\/\/maiamedispa.com\/fr\/wp-json\/wp\/v2\/media?parent=12"}],"curies":[{"name":"wp","href":"https:\/\/api.w.org\/{rel}","templated":true}]}}