{"id":175,"date":"2023-10-23T11:47:40","date_gmt":"2023-10-23T15:47:40","guid":{"rendered":"https:\/\/maiamedispa.com\/?page_id=175"},"modified":"2023-12-14T15:26:27","modified_gmt":"2023-12-14T20:26:27","slug":"lymphatic-drainage","status":"publish","type":"page","link":"https:\/\/maiamedispa.com\/fr\/lymphatic-drainage\/","title":{"rendered":"Massage de drainage lymphatique"},"content":{"rendered":"<p class=\"has-text-color\" style=\"color:#f6b478\">Qu'est-ce qu'un massage de drainage lymphatique et quels en sont les avantages ?<\/p>\n\n\n\n<div class=\"wp-block-media-text has-media-on-the-right is-stacked-on-mobile\"><div class=\"wp-block-media-text__content\">\n<p>Selon la F\u00e9d\u00e9ration qu\u00e9b\u00e9coise des massoth\u00e9rapeutes du Qu\u00e9bec, le \u00ab drainage lymphatique, ou drainage lymphatique manuel, est une technique de massoth\u00e9rapie douce visant \u00e0 stimuler la circulation de la lymphe dans l'organisme, favorisant ainsi l'\u00e9limination des d\u00e9chets et des toxines. \u00bb<sup data-fn=\"00035fa7-f9c3-421c-b515-0c4a9510dc08\" class=\"fn\"><a href=\"#00035fa7-f9c3-421c-b515-0c4a9510dc08\" id=\"00035fa7-f9c3-421c-b515-0c4a9510dc08-link\">1<\/a><\/sup><\/p>\n<\/div><figure class=\"wp-block-media-text__media\"><img loading=\"lazy\" decoding=\"async\" width=\"500\" height=\"333\" src=\"http:\/\/maiamedispa.com\/wp-content\/uploads\/2023\/10\/services-lymphatic-drainage-500.png\" alt=\"Lymphatic Drainage Massage\" class=\"wp-image-239 size-full\" srcset=\"https:\/\/maiamedispa.com\/wp-content\/uploads\/2023\/10\/services-lymphatic-drainage-500.png 500w, https:\/\/maiamedispa.com\/wp-content\/uploads\/2023\/10\/services-lymphatic-drainage-500-300x200.png 300w, https:\/\/maiamedispa.com\/wp-content\/uploads\/2023\/10\/services-lymphatic-drainage-500-360x240.png 360w\" sizes=\"(max-width: 500px) 100vw, 500px\" \/><\/figure><\/div>\n\n\n\n<p>Cette technique de massage utilise des points de pression et des mouvements sp\u00e9cifiques qui favorisent une meilleure circulation de la lymphe dans le corps.<\/p>\n\n\n\n<h2 class=\"wp-block-heading\">Les avantages des massages de drainage lymphatique<\/h2>\n\n\n\n<p>Le drainage lymphatique peut \u00eatre utilis\u00e9 \u00e0 des fins th\u00e9rapeutiques et esth\u00e9tiques. Il est connu pour \u00eatre b\u00e9n\u00e9fique dans les situations suivantes :<\/p>\n\n\n\n<ul>\n<li>Pr\u00e9sence d'un lymph\u0153d\u00e8me r\u00e9sultant d'un traitement anticanc\u00e9reux<\/li>\n\n\n\n<li>Pr\u00e9sence d'\u0153d\u00e8mes dans les membres<\/li>\n\n\n\n<li>Intervention chirurgicale r\u00e9cente (genou, hanche, sein, abdomen)<\/li>\n\n\n\n<li>Blessure r\u00e9cente (par exemple : contusion, entorse, fracture)<\/li>\n\n\n\n<li>Pr\u00e9sence de cicatrices<\/li>\n\n\n\n<li>Insuffisance veineuse<\/li>\n\n\n\n<li>Jambes lourdes<\/li>\n\n\n\n<li>Cellulite (peau d'orange)<\/li>\n<\/ul>\n\n\n\n<p>Le drainage lymphatique apporte de nombreux avantages \u00e0 la personne qui le re\u00e7oit, notamment :<\/p>\n\n\n\n<ul>\n<li>R\u00e9duction de l'\u0153d\u00e8me (gonflement)<\/li>\n\n\n\n<li>R\u00e9duction de la douleur<\/li>\n\n\n\n<li>Acc\u00e9l\u00e9ration du processus naturel de gu\u00e9rison de l'organisme<\/li>\n\n\n\n<li>D\u00e9tente et rel\u00e2chement<\/li>\n<\/ul>\n\n\n\n<p>Le drainage lymphatique est \u00e9galement recommand\u00e9 par divers m\u00e9decins et chirurgiens plasticiens apr\u00e8s tout type de chirurgie plastique, car il peut grandement aider \u00e0 r\u00e9duire l'inflammation et le gonflement qui se produisent pendant le processus de gu\u00e9rison.<\/p>\n\n\n\n<p>De plus amples informations sur le drainage lymphatique sont disponibles sur le site Internet de l'association <a href=\"https:\/\/www.fqm.qc.ca\/en\/massage-therapy\/lymphatic-drainage\/\" target=\"_blank\" rel=\"noopener\" title=\"\">F\u00e9d\u00e9ration Qu\u00e9b\u00e9coise des Massoth\u00e9rapeutes Agr\u00e9\u00e9s<\/a>.<\/p>\n\n\n\n<h2 class=\"wp-block-heading\">Combien cela co\u00fbte-t-il ?<\/h2>\n\n\n\n<p>Chez Maia Medispa, nous offrons des r\u00e9ductions multiples pour la r\u00e9servation de plusieurs s\u00e9ances \u00e0 la fois. Nos prix<sup data-fn=\"240f2b74-882e-47e0-a035-76db3f911269\" class=\"fn\"><a href=\"#240f2b74-882e-47e0-a035-76db3f911269\" id=\"240f2b74-882e-47e0-a035-76db3f911269-link\">2<\/a><\/sup> pour les massages de drainage lymphatique sont les suivants :<\/p>\n\n\n\n<ul>\n<li>1 s\u00e9ance : 140,00 $ par s\u00e9ance<\/li>\n\n\n\n<li>5 s\u00e9ances : 135,00 $ par s\u00e9ance<sup data-fn=\"18f7fe76-c00c-44e1-af88-1d1d93bc7d78\" class=\"fn\"><a href=\"#18f7fe76-c00c-44e1-af88-1d1d93bc7d78\" id=\"18f7fe76-c00c-44e1-af88-1d1d93bc7d78-link\">3<\/a><\/sup><\/li>\n\n\n\n<li>10 s\u00e9ances : 130,00 $ par s\u00e9ance<sup data-fn=\"6f102c95-9dd2-43e3-bae5-fdacd3985f63\" class=\"fn\"><a href=\"#6f102c95-9dd2-43e3-bae5-fdacd3985f63\" id=\"6f102c95-9dd2-43e3-bae5-fdacd3985f63-link\">4<\/a><\/sup><\/li>\n<\/ul>\n\n\n\n<p><a href=\"https:\/\/www.fresha.com\/fr\/book-now\/medispa-maia-inc-jrr0hcd5\/services?lid=1139873&amp;eid=2699123&amp;oiid=sv%3A15290165&amp;pId=1081023\" target=\"_blank\" rel=\"noopener\" title=\"\">Prendre rendez-vous pour une s\u00e9ance<\/a> or <a href=\"https:\/\/www.fresha.com\/fr\/book-now\/medispa-maia-inc-jrr0hcd5\/paid-plans?pId=1081023\" target=\"_blank\" rel=\"noopener\" title=\"\">acheter un de nos forfaits de services<\/a>.<\/p>\n\n\n\n<h2 class=\"wp-block-heading\" id=\"contact\">Prise de rendez-vous<\/h2>\n\n\n\n<p>N'h\u00e9sitez pas \u00e0 nous contacter si vous souhaitez obtenir plus d'informations sur nos services et traitements en utilisant le formulaire ci-dessous. Lorsque vous serez pr\u00eat \u00e0 prendre rendez-vous, vous pourrez le faire en utilisant notre <a href=\"https:\/\/www.fresha.com\/fr\/book-now\/medispa-maia-inc-jrr0hcd5\/services?lid=1139873&amp;pId=1081023\" target=\"_blank\" rel=\"noreferrer noopener\">syst\u00e8me de r\u00e9servation en ligne<\/a>.<\/p>\n\n\n\n<p>En savoir plus sur les <a href=\"\/fr\/#about\" title=\"\">autres services<\/a> disponibles chez M\u00e9dispa Maia.<\/p>\n\n\n\n<p><\/p>\n\n\n\n<div class=\"wp-block-columns has-white-color has-accent-background-color has-text-color has-background is-layout-flex wp-container-core-columns-is-layout-1 wp-block-columns-is-layout-flex\">\n<div class=\"wp-block-column is-layout-flow wp-block-column-is-layout-flow\">\n<h2 class=\"wp-block-heading\">Prendre rendez-vous<\/h2>\n\n\n\n<p>Vous pouvez prendre rendez-vous avec l'un de nos sp\u00e9cialistes de l'esth\u00e9tique en utilisant le bouton \u00ab<em>Prendre rendez-vous<\/em>. \u00bb situ\u00e9 en haut de la page.<\/p>\n\n\n\n<h3 class=\"wp-block-heading\">Notre emplacement<\/h3>\n\n\n\n<p>Nous sommes situ\u00e9s au 1840, boul. des Laurentides, bureau #2, Laval, QC H7M 2P6.<\/p>\n\n\n\n<div class=\"wp-block-buttons has-custom-font-size has-small-font-size is-layout-flex wp-block-buttons-is-layout-flex\">\n<div class=\"wp-block-button\"><a class=\"wp-block-button__link wp-element-button\" href=\"https:\/\/maps.app.goo.gl\/vcZmF8B4nKhhBLnv9\">Voir sur la carte<\/a><\/div>\n<\/div>\n\n\n\n<h3 class=\"wp-block-heading\">Heures d'ouverture<\/h3>\n\n\n\n<p><strong>Nos services sont disponibles uniquement sur rendez-vous.<\/strong><\/p>\n\n\n\n<p>Pour plus d'informations, vous pouvez contacter nos sp\u00e9cialistes de l'esth\u00e9tique en utilisant ce formulaire ou par courriel \u00e0 l'adresse <a href=\"mailto:info@maiamedispa.com\" target=\"_blank\" rel=\"noopener\" title=\"info@maiamedispa.com\" style=\"color: #f6b478;\">info@maiamedispa.com<\/a>.<\/p>\n<\/div>\n\n\n\n<div class=\"wp-block-column is-layout-flow wp-block-column-is-layout-flow\"><style id=\"wpforms-css-vars-root\">\n\t\t\t\t:root {\n\t\t\t\t\t--wpforms-field-border-radius: 3px;\n--wpforms-field-border-style: solid;\n--wpforms-field-border-size: 1px;\n--wpforms-field-background-color: #ffffff;\n--wpforms-field-border-color: rgba( 0, 0, 0, 0.25 );\n--wpforms-field-border-color-spare: rgba( 0, 0, 0, 0.25 );\n--wpforms-field-text-color: rgba( 0, 0, 0, 0.7 );\n--wpforms-field-menu-color: #ffffff;\n--wpforms-label-color: rgba( 0, 0, 0, 0.85 );\n--wpforms-label-sublabel-color: rgba( 0, 0, 0, 0.55 );\n--wpforms-label-error-color: #d63637;\n--wpforms-button-border-radius: 3px;\n--wpforms-button-border-style: none;\n--wpforms-button-border-size: 1px;\n--wpforms-button-background-color: #066aab;\n--wpforms-button-border-color: #066aab;\n--wpforms-button-text-color: #ffffff;\n--wpforms-page-break-color: #066aab;\n--wpforms-background-image: none;\n--wpforms-background-position: center center;\n--wpforms-background-repeat: no-repeat;\n--wpforms-background-size: cover;\n--wpforms-background-width: 100px;\n--wpforms-background-height: 100px;\n--wpforms-background-color: rgba( 0, 0, 0, 0 );\n--wpforms-background-url: none;\n--wpforms-container-padding: 0px;\n--wpforms-container-border-style: none;\n--wpforms-container-border-width: 1px;\n--wpforms-container-border-color: #000000;\n--wpforms-container-border-radius: 3px;\n--wpforms-field-size-input-height: 43px;\n--wpforms-field-size-input-spacing: 15px;\n--wpforms-field-size-font-size: 16px;\n--wpforms-field-size-line-height: 19px;\n--wpforms-field-size-padding-h: 14px;\n--wpforms-field-size-checkbox-size: 16px;\n--wpforms-field-size-sublabel-spacing: 5px;\n--wpforms-field-size-icon-size: 1;\n--wpforms-label-size-font-size: 16px;\n--wpforms-label-size-line-height: 19px;\n--wpforms-label-size-sublabel-font-size: 14px;\n--wpforms-label-size-sublabel-line-height: 17px;\n--wpforms-button-size-font-size: 17px;\n--wpforms-button-size-height: 41px;\n--wpforms-button-size-padding-h: 15px;\n--wpforms-button-size-margin-top: 10px;\n--wpforms-container-shadow-size-box-shadow: none;\n\n\t\t\t\t}\n\t\t\t<\/style><style id=\"wpforms-css-vars-4-block-2332493d-e884-4046-987c-0a4539a22dcd\">\n\t\t\t\t#wpforms-4.wpforms-block-2332493d-e884-4046-987c-0a4539a22dcd {\n\t\t\t\t\t--wpforms-field-text-color: #f6b478;\n--wpforms-label-color: #f6b478;\n--wpforms-label-sublabel-color: #f5b4788f;\n\n\t\t\t\t}\n\t\t\t<\/style><div class=\"wpforms-container wpforms-container-full wpforms-block wpforms-block-2332493d-e884-4046-987c-0a4539a22dcd wpforms-render-modern\" id=\"wpforms-4\"><form id=\"wpforms-form-4\" class=\"wpforms-validate wpforms-form\" data-formid=\"4\" method=\"post\" enctype=\"multipart\/form-data\" action=\"\/fr\/wp-json\/wp\/v2\/pages\/175\" data-token=\"1b385dd20b9ece86dbcca41b2ba22f9e\" data-token-time=\"1775377207\" data-trp-original-action=\"\/fr\/wp-json\/wp\/v2\/pages\/175\"><noscript class=\"wpforms-error-noscript\">Please enable JavaScript in your browser to complete this form.<\/noscript><div class=\"wpforms-hidden\" id=\"wpforms-error-noscript\">Please enable JavaScript in your browser to complete this form.<\/div><div class=\"wpforms-field-container\"><div id=\"wpforms-4-field_0-container\" class=\"wpforms-field wpforms-field-name wpforms-one-half wpforms-first\" data-field-id=\"0\"><label class=\"wpforms-field-label wpforms-label-hide\" for=\"wpforms-4-field_0\" aria-hidden=\"false\">Nom <span class=\"wpforms-required-label\" aria-hidden=\"true\">*<\/span><\/label><input type=\"text\" id=\"wpforms-4-field_0\" class=\"wpforms-field-large wpforms-field-required\" name=\"wpforms[fields][0]\" placeholder=\"Votre Nom\" aria-errormessage=\"wpforms-4-field_0-error\" required><\/div><div id=\"wpforms-4-field_3-container\" class=\"wpforms-field wpforms-field-email wpforms-one-half\" data-field-id=\"3\"><label class=\"wpforms-field-label wpforms-label-hide\" for=\"wpforms-4-field_3\" aria-hidden=\"false\">Courriel <span class=\"wpforms-required-label\" aria-hidden=\"true\">*<\/span><\/label><input type=\"email\" id=\"wpforms-4-field_3\" class=\"wpforms-field-large wpforms-field-required\" name=\"wpforms[fields][3]\" placeholder=\"Votre adresse courriel\" spellcheck=\"false\" aria-errormessage=\"wpforms-4-field_3-error\" required><\/div><div id=\"wpforms-4-field_5-container\" class=\"wpforms-field wpforms-field-text\" data-field-id=\"5\"><label class=\"wpforms-field-label wpforms-label-hide\" for=\"wpforms-4-field_5\" aria-hidden=\"false\">T\u00e9l\u00e9phone<\/label><input type=\"text\" id=\"wpforms-4-field_5\" class=\"wpforms-field-medium wpforms-masked-input\" data-rule-inputmask-incomplete=\"1\" data-inputmask-mask=\"+1 999 999-9999\" name=\"wpforms[fields][5]\" placeholder=\"T\u00e9l\u00e9phone\" aria-errormessage=\"wpforms-4-field_5-error\" ><\/div><div id=\"wpforms-4-field_4-container\" class=\"wpforms-field wpforms-field-text\" data-field-id=\"4\"><label class=\"wpforms-field-label wpforms-label-hide\" for=\"wpforms-4-field_4\" aria-hidden=\"false\">Sujet<\/label><input type=\"text\" id=\"wpforms-4-field_4\" class=\"wpforms-field-large\" name=\"wpforms[fields][4]\" placeholder=\"Sujet\" aria-errormessage=\"wpforms-4-field_4-error\" ><\/div><div id=\"wpforms-4-field_8-container\" class=\"wpforms-field wpforms-field-checkbox\" data-field-id=\"8\"><fieldset><legend class=\"wpforms-field-label\">Je suis int\u00e9ress\u00e9 par :<\/legend><ul id=\"wpforms-4-field_8\"><li class=\"choice-4 depth-1\"><input type=\"checkbox\" id=\"wpforms-4-field_8_4\" name=\"wpforms[fields][8][]\" value=\"Cosmetic Treatments\" aria-errormessage=\"wpforms-4-field_8_4-error\"  ><label class=\"wpforms-field-label-inline\" for=\"wpforms-4-field_8_4\">Traitements cosm\u00e9tiques<\/label><\/li><li class=\"choice-2 depth-1\"><input type=\"checkbox\" id=\"wpforms-4-field_8_2\" name=\"wpforms[fields][8][]\" value=\"Facials\" aria-errormessage=\"wpforms-4-field_8_2-error\"  ><label class=\"wpforms-field-label-inline\" for=\"wpforms-4-field_8_2\">Traitements faciaux<\/label><\/li><li class=\"choice-1 depth-1\"><input type=\"checkbox\" id=\"wpforms-4-field_8_1\" name=\"wpforms[fields][8][]\" value=\"Lymphatic Drainage Massages\" aria-errormessage=\"wpforms-4-field_8_1-error\"  ><label class=\"wpforms-field-label-inline\" for=\"wpforms-4-field_8_1\">Massages de drainage lymphatique<\/label><\/li><li class=\"choice-3 depth-1\"><input type=\"checkbox\" id=\"wpforms-4-field_8_3\" name=\"wpforms[fields][8][]\" value=\"Wood Therapy\" aria-errormessage=\"wpforms-4-field_8_3-error\"  ><label class=\"wpforms-field-label-inline\" for=\"wpforms-4-field_8_3\">Mad\u00e9roth\u00e9rapie<\/label><\/li><\/ul><\/fieldset><\/div><div id=\"wpforms-4-field_2-container\" class=\"wpforms-field wpforms-field-textarea\" data-field-id=\"2\"><label class=\"wpforms-field-label wpforms-label-hide\" for=\"wpforms-4-field_2\" aria-hidden=\"false\">Message <span class=\"wpforms-required-label\" aria-hidden=\"true\">*<\/span><\/label><textarea id=\"wpforms-4-field_2\" class=\"wpforms-field-medium wpforms-field-required\" name=\"wpforms[fields][2]\" placeholder=\"Votre message\" aria-errormessage=\"wpforms-4-field_2-error\" required><\/textarea><\/div><div id=\"wpforms-4-field_12-container\" class=\"wpforms-field wpforms-field-checkbox\" data-field-id=\"12\"><fieldset><legend class=\"wpforms-field-label\">Notre infolettre<\/legend><ul id=\"wpforms-4-field_12\"><li class=\"choice-1 depth-1\"><input type=\"checkbox\" id=\"wpforms-4-field_12_1\" name=\"wpforms[fields][12][]\" value=\"I would like to subscribe to the promotional newsletter\" aria-errormessage=\"wpforms-4-field_12_1-error\" aria-describedby=\"wpforms-4-field_12-description\"  ><label class=\"wpforms-field-label-inline\" for=\"wpforms-4-field_12_1\">Je souhaite m'abonner \u00e0 l'infolettre<\/label><\/li><\/ul><div id=\"wpforms-4-field_12-description\" class=\"wpforms-field-description\">(Facultatif) Restez inform\u00e9\u00b7e\u00b7s de nos promotions, produits et services. Les infolettres sont envoy\u00e9es environ une fois par mois. Vous pouvez vous d\u00e9sabonner \u00e0 tout moment.<\/div><\/fieldset><\/div><\/div><!-- .wpforms-field-container --><div class=\"wpforms-submit-container\" ><input type=\"hidden\" name=\"wpforms[id]\" value=\"4\"><input type=\"hidden\" name=\"page_title\" value=\"\"><input type=\"hidden\" name=\"page_url\" value=\"https:\/\/maiamedispa.com\/fr\/wp-json\/wp\/v2\/pages\/175\"><button type=\"submit\" name=\"wpforms[submit]\" id=\"wpforms-submit-4\" class=\"wpforms-submit contactform-button\" data-alt-text=\"Sending...\" data-submit-text=\"Send message\" aria-live=\"assertive\" value=\"wpforms-submit\">Envoyer le message<\/button><\/div><input type=\"hidden\" name=\"trp-form-language\" value=\"fr\"\/><\/form><\/div>  <!-- .wpforms-container --><\/div>\n<\/div>\n\n\n<ol class=\"wp-block-footnotes\"><li id=\"00035fa7-f9c3-421c-b515-0c4a9510dc08\">Source: <a href=\"https:\/\/www.fqm.qc.ca\/massotherapie\/le-drainage-lymphatique\/\">Le drainage lymphatique &#8211; | F\u00e9d\u00e9ration qu\u00e9b\u00e9coise des massoth\u00e9rapeutes (fqm.qc.ca)<\/a> <a href=\"#00035fa7-f9c3-421c-b515-0c4a9510dc08-link\" aria-label=\"Aller \u00e0 la note de bas de page 1\">\u21a9\ufe0e<\/a><\/li><li id=\"240f2b74-882e-47e0-a035-76db3f911269\">Tous les prix sont soumis aux taxes provinciales et f\u00e9d\u00e9rales. Les taxes applicables seront calcul\u00e9es au moment de l'achat. <a href=\"#240f2b74-882e-47e0-a035-76db3f911269-link\" aria-label=\"Aller \u00e0 la note de bas de page 2\">\u21a9\ufe0e<\/a><\/li><li id=\"18f7fe76-c00c-44e1-af88-1d1d93bc7d78\">Le prix pour 5 s\u00e9ances est de 675,00 $ + taxes. <a href=\"#18f7fe76-c00c-44e1-af88-1d1d93bc7d78-link\" aria-label=\"Aller \u00e0 la note de bas de page 3\">\u21a9\ufe0e<\/a><\/li><li id=\"6f102c95-9dd2-43e3-bae5-fdacd3985f63\">Le prix pour 10 s\u00e9ances est de 1300,00 $ + taxes. <a href=\"#6f102c95-9dd2-43e3-bae5-fdacd3985f63-link\" aria-label=\"Aller \u00e0 la note de bas de page 4\">\u21a9\ufe0e<\/a><\/li><\/ol>","protected":false},"excerpt":{"rendered":"<p>What is a lymphatic drainage massage and what are the benefits? According to the F\u00e9d\u00e9ration qu\u00e9b\u00e9coise des massoth\u00e9rapeutes du Qu\u00e9bec: a \u201clymphatic drainage, or manual lymphatic drainage, is a gentle massage therapy technique designed to stimulate the circulation of lymph in the body, thereby promoting the elimination of waste products [&hellip;]<\/p>","protected":false},"author":3,"featured_media":239,"parent":0,"menu_order":0,"comment_status":"closed","ping_status":"closed","template":"","meta":{"om_disable_all_campaigns":false,"_monsterinsights_skip_tracking":false,"_monsterinsights_sitenote_active":false,"_monsterinsights_sitenote_note":"","_monsterinsights_sitenote_category":0,"footnotes":"[{\"content\":\"Source: <a href=\\\"https:\/\/www.fqm.qc.ca\/massotherapie\/le-drainage-lymphatique\/\\\">Le drainage lymphatique - | F\u00e9d\u00e9ration qu\u00e9b\u00e9coise des massoth\u00e9rapeutes (fqm.qc.ca)<\/a>\",\"id\":\"00035fa7-f9c3-421c-b515-0c4a9510dc08\"},{\"content\":\"All prices are subject to provincial and federal taxes. Applicable taxes will be calculated at the time of purchase.\",\"id\":\"240f2b74-882e-47e0-a035-76db3f911269\"},{\"content\":\"The price for 5 sessions is $675.00 +Tx.\",\"id\":\"18f7fe76-c00c-44e1-af88-1d1d93bc7d78\"},{\"content\":\"The price for 10 sessions is $1300.00 +Tx.\",\"id\":\"6f102c95-9dd2-43e3-bae5-fdacd3985f63\"}]"},"aioseo_notices":[],"_links":{"self":[{"href":"https:\/\/maiamedispa.com\/fr\/wp-json\/wp\/v2\/pages\/175"}],"collection":[{"href":"https:\/\/maiamedispa.com\/fr\/wp-json\/wp\/v2\/pages"}],"about":[{"href":"https:\/\/maiamedispa.com\/fr\/wp-json\/wp\/v2\/types\/page"}],"author":[{"embeddable":true,"href":"https:\/\/maiamedispa.com\/fr\/wp-json\/wp\/v2\/users\/3"}],"replies":[{"embeddable":true,"href":"https:\/\/maiamedispa.com\/fr\/wp-json\/wp\/v2\/comments?post=175"}],"version-history":[{"count":56,"href":"https:\/\/maiamedispa.com\/fr\/wp-json\/wp\/v2\/pages\/175\/revisions"}],"predecessor-version":[{"id":404,"href":"https:\/\/maiamedispa.com\/fr\/wp-json\/wp\/v2\/pages\/175\/revisions\/404"}],"wp:featuredmedia":[{"embeddable":true,"href":"https:\/\/maiamedispa.com\/fr\/wp-json\/wp\/v2\/media\/239"}],"wp:attachment":[{"href":"https:\/\/maiamedispa.com\/fr\/wp-json\/wp\/v2\/media?parent=175"}],"curies":[{"name":"wp","href":"https:\/\/api.w.org\/{rel}","templated":true}]}}