{"id":275,"date":"2023-10-23T11:47:40","date_gmt":"2023-10-23T15:47:40","guid":{"rendered":"https:\/\/maiamedispa.com\/?page_id=275"},"modified":"2024-01-22T10:12:00","modified_gmt":"2024-01-22T15:12:00","slug":"facials","status":"publish","type":"page","link":"https:\/\/maiamedispa.com\/fr\/facials\/","title":{"rendered":"Soins du visage et de la peau"},"content":{"rendered":"<p class=\"has-text-color\" style=\"color:#f6b478\">Qu'est-ce qu'un traitement facial et quels sont ses avantages ?<\/p>\n\n\n\n<div class=\"wp-block-media-text has-media-on-the-right is-stacked-on-mobile\"><div class=\"wp-block-media-text__content\">\n<p>Nos professionnels des soins de la peau utilisent des produits de qualit\u00e9 professionnelle et m\u00e9dicale tels que <a href=\"https:\/\/www.skinceuticals.ca\/\" target=\"_blank\" rel=\"noopener\" title=\"\">Skinceuticals<\/a> pour offrir les meilleurs traitements de soins de la peau possibles, tels que :<\/p>\n\n\n\n<ul>\n<li>Traitements faciaux<\/li>\n\n\n\n<li>Massages faciaux<\/li>\n\n\n\n<li>Masques de gel pour le visage<\/li>\n\n\n\n<li>Masques d'argile pour le visage<\/li>\n\n\n\n<li>Masques dess\u00e9chants pour le visage<\/li>\n<\/ul>\n<\/div><figure class=\"wp-block-media-text__media\"><img loading=\"lazy\" decoding=\"async\" width=\"500\" height=\"335\" src=\"http:\/\/maiamedispa.com\/wp-content\/uploads\/2023\/10\/facials-500.png\" alt=\"Facials and Skincare Treatments\" class=\"wp-image-276 size-full\" srcset=\"https:\/\/maiamedispa.com\/wp-content\/uploads\/2023\/10\/facials-500.png 500w, https:\/\/maiamedispa.com\/wp-content\/uploads\/2023\/10\/facials-500-300x201.png 300w, https:\/\/maiamedispa.com\/wp-content\/uploads\/2023\/10\/facials-500-360x240.png 360w\" sizes=\"(max-width: 500px) 100vw, 500px\" \/><\/figure><\/div>\n\n\n\n<p>Cette technique de massage utilise des produits de soins sp\u00e9cifiques et des techniques de massage pour am\u00e9liorer et \u00e9claircir votre peau, ainsi que pour soulager les sympt\u00f4mes des probl\u00e8mes et affections cutan\u00e9s.<\/p>\n\n\n\n<h2 class=\"wp-block-heading\">Avantages des soins du visage et des traitements faciaux<\/h2>\n\n\n\n<p>Nos soins du visage et nos traitements de la peau peuvent vous apporter de nombreux avantages, tels que<\/p>\n\n\n\n<ul>\n<li>Relaxation<\/li>\n\n\n\n<li>Conseils d'experts<\/li>\n\n\n\n<li>Am\u00e9lioration de la circulation<\/li>\n\n\n\n<li>\u00c9limination des points noirs tenaces<\/li>\n\n\n\n<li>Anti-\u00e2ge<\/li>\n\n\n\n<li>Soins pr\u00e9ventifs<\/li>\n\n\n\n<li>Am\u00e9lioration de la sant\u00e9 de la peau<\/li>\n\n\n\n<li>Exfoliation<\/li>\n\n\n\n<li>Rajeunissement<\/li>\n\n\n\n<li>Hydratation<\/li>\n\n\n\n<li>D\u00e9sintoxication<\/li>\n\n\n\n<li>Soins cibl\u00e9s (acn\u00e9, rides, s\u00e9cheresse)<\/li>\n<\/ul>\n\n\n\n<h2 class=\"wp-block-heading\">Combien cela co\u00fbte-t-il ?<\/h2>\n\n\n\n<p>Chez M\u00e9dispa Maia, nous proposons plusieurs types de traitements du visage. Vous trouverez ci-dessous une description et le co\u00fbt<sup data-fn=\"3e571926-6d49-4576-9616-db73b50060df\" class=\"fn\"><a href=\"#3e571926-6d49-4576-9616-db73b50060df\" id=\"3e571926-6d49-4576-9616-db73b50060df-link\">1<\/a><\/sup> de chaque type de traitement du visage disponible :<\/p>\n\n\n\n<h3 class=\"wp-block-heading\">Traitement facial de base \u2013 110,00 $<\/h3>\n\n\n\n<p>L'un de nos traitements les plus populaires. Nettoyage en profondeur, analyse d\u00e9taill\u00e9e de la peau, exfoliation, vapeur et extractions. Comprend un mini-massage relaxant sous notre masque perfecteur. Ce traitement facial est personnalis\u00e9 en fonction de l'\u00e9tat de votre peau.<\/p>\n\n\n\n<p><a href=\"https:\/\/www.fresha.com\/fr\/book-now\/medispa-maia-inc-jrr0hcd5\/services?lid=1139873&amp;eid=2699123&amp;oiid=sv%3A15291552&amp;pId=1081023\" target=\"_blank\" rel=\"noopener\" title=\"\">Prenez rendez-vous pour un traitement facial de base.<\/a><\/p>\n\n\n\n<h3 class=\"wp-block-heading\">Traitement facial de luxe \u2013 130,00 $<\/h3>\n\n\n\n<p>Nettoyage en profondeur, analyse d\u00e9taill\u00e9e de la peau, exfoliation, vapeur et extractions. Comprend \u00e9galement une dermabrasion ou un dermaplaning pour une exfoliation en profondeur. Comprend un mini-massage relaxant sous notre masque perfecteur. Ce traitement facial est personnalis\u00e9 en fonction de l'\u00e9tat de votre peau.<\/p>\n\n\n\n<p><a href=\"https:\/\/www.fresha.com\/fr\/book-now\/medispa-maia-inc-jrr0hcd5\/services?lid=1139873&amp;eid=2699123&amp;oiid=sv%3A15291756&amp;pId=1081023\" target=\"_blank\" rel=\"noopener\" title=\"\">Prenez rendez-vous pour un traitement facial de luxe.<\/a><\/p>\n\n\n\n<h2 class=\"wp-block-heading\" id=\"contact\">Prise de rendez-vous<\/h2>\n\n\n\n<p>N'h\u00e9sitez pas \u00e0 nous contacter si vous souhaitez obtenir plus d'informations sur nos services et traitements en utilisant le formulaire ci-dessous. Lorsque vous serez pr\u00eat \u00e0 prendre rendez-vous, vous pourrez le faire en utilisant notre <a href=\"https:\/\/www.fresha.com\/fr\/book-now\/medispa-maia-inc-jrr0hcd5\/services?lid=1139873&amp;pId=1081023\" target=\"_blank\" rel=\"noreferrer noopener\">syst\u00e8me de r\u00e9servation en ligne<\/a>.<\/p>\n\n\n\n<p>En savoir plus sur les <a href=\"\/fr\/#about\" title=\"\">autres services<\/a> disponibles chez M\u00e9dispa Maia.<\/p>\n\n\n\n<p><\/p>\n\n\n\n<div class=\"wp-block-columns has-white-color has-accent-background-color has-text-color has-background is-layout-flex wp-container-core-columns-is-layout-1 wp-block-columns-is-layout-flex\">\n<div class=\"wp-block-column is-layout-flow wp-block-column-is-layout-flow\">\n<h2 class=\"wp-block-heading\">Prendre rendez-vous<\/h2>\n\n\n\n<p>Vous pouvez prendre rendez-vous avec l'un de nos sp\u00e9cialistes de l'esth\u00e9tique en utilisant le bouton \u00ab<em>Prendre rendez-vous<\/em>. \u00bb situ\u00e9 en haut de la page.<\/p>\n\n\n\n<h3 class=\"wp-block-heading\">Notre emplacement<\/h3>\n\n\n\n<p>Nous sommes situ\u00e9s au 1840, boul. des Laurentides, bureau #2, Laval, QC H7M 2P6.<\/p>\n\n\n\n<div class=\"wp-block-buttons has-custom-font-size has-small-font-size is-layout-flex wp-block-buttons-is-layout-flex\">\n<div class=\"wp-block-button\"><a class=\"wp-block-button__link wp-element-button\" href=\"https:\/\/maps.app.goo.gl\/vcZmF8B4nKhhBLnv9\">Voir sur la carte<\/a><\/div>\n<\/div>\n\n\n\n<h3 class=\"wp-block-heading\">Heures d'ouverture<\/h3>\n\n\n\n<p><strong>Nos services sont disponibles uniquement sur rendez-vous.<\/strong><\/p>\n\n\n\n<p>Pour plus d'informations, vous pouvez contacter nos sp\u00e9cialistes de l'esth\u00e9tique en utilisant ce formulaire ou par courriel \u00e0 l'adresse <a href=\"mailto:info@maiamedispa.com\" target=\"_blank\" rel=\"noopener\" title=\"info@maiamedispa.com\" style=\"color: #f6b478;\">info@maiamedispa.com<\/a>.<\/p>\n<\/div>\n\n\n\n<div class=\"wp-block-column is-layout-flow wp-block-column-is-layout-flow\"><style id=\"wpforms-css-vars-root\">\n\t\t\t\t:root {\n\t\t\t\t\t--wpforms-field-border-radius: 3px;\n--wpforms-field-border-style: solid;\n--wpforms-field-border-size: 1px;\n--wpforms-field-background-color: #ffffff;\n--wpforms-field-border-color: rgba( 0, 0, 0, 0.25 );\n--wpforms-field-border-color-spare: rgba( 0, 0, 0, 0.25 );\n--wpforms-field-text-color: rgba( 0, 0, 0, 0.7 );\n--wpforms-field-menu-color: #ffffff;\n--wpforms-label-color: rgba( 0, 0, 0, 0.85 );\n--wpforms-label-sublabel-color: rgba( 0, 0, 0, 0.55 );\n--wpforms-label-error-color: #d63637;\n--wpforms-button-border-radius: 3px;\n--wpforms-button-border-style: none;\n--wpforms-button-border-size: 1px;\n--wpforms-button-background-color: #066aab;\n--wpforms-button-border-color: #066aab;\n--wpforms-button-text-color: #ffffff;\n--wpforms-page-break-color: #066aab;\n--wpforms-background-image: none;\n--wpforms-background-position: center center;\n--wpforms-background-repeat: no-repeat;\n--wpforms-background-size: cover;\n--wpforms-background-width: 100px;\n--wpforms-background-height: 100px;\n--wpforms-background-color: rgba( 0, 0, 0, 0 );\n--wpforms-background-url: none;\n--wpforms-container-padding: 0px;\n--wpforms-container-border-style: none;\n--wpforms-container-border-width: 1px;\n--wpforms-container-border-color: #000000;\n--wpforms-container-border-radius: 3px;\n--wpforms-field-size-input-height: 43px;\n--wpforms-field-size-input-spacing: 15px;\n--wpforms-field-size-font-size: 16px;\n--wpforms-field-size-line-height: 19px;\n--wpforms-field-size-padding-h: 14px;\n--wpforms-field-size-checkbox-size: 16px;\n--wpforms-field-size-sublabel-spacing: 5px;\n--wpforms-field-size-icon-size: 1;\n--wpforms-label-size-font-size: 16px;\n--wpforms-label-size-line-height: 19px;\n--wpforms-label-size-sublabel-font-size: 14px;\n--wpforms-label-size-sublabel-line-height: 17px;\n--wpforms-button-size-font-size: 17px;\n--wpforms-button-size-height: 41px;\n--wpforms-button-size-padding-h: 15px;\n--wpforms-button-size-margin-top: 10px;\n--wpforms-container-shadow-size-box-shadow: none;\n\n\t\t\t\t}\n\t\t\t<\/style><style id=\"wpforms-css-vars-4-block-2332493d-e884-4046-987c-0a4539a22dcd\">\n\t\t\t\t#wpforms-4.wpforms-block-2332493d-e884-4046-987c-0a4539a22dcd {\n\t\t\t\t\t--wpforms-field-text-color: #f6b478;\n--wpforms-label-color: #f6b478;\n--wpforms-label-sublabel-color: #f5b4788f;\n\n\t\t\t\t}\n\t\t\t<\/style><div class=\"wpforms-container wpforms-container-full wpforms-block wpforms-block-2332493d-e884-4046-987c-0a4539a22dcd wpforms-render-modern\" id=\"wpforms-4\"><form id=\"wpforms-form-4\" class=\"wpforms-validate wpforms-form\" data-formid=\"4\" method=\"post\" enctype=\"multipart\/form-data\" action=\"\/fr\/wp-json\/wp\/v2\/pages\/275\" data-token=\"1b385dd20b9ece86dbcca41b2ba22f9e\" data-token-time=\"1775417067\" data-trp-original-action=\"\/fr\/wp-json\/wp\/v2\/pages\/275\"><noscript class=\"wpforms-error-noscript\">Please enable JavaScript in your browser to complete this form.<\/noscript><div class=\"wpforms-hidden\" id=\"wpforms-error-noscript\">Please enable JavaScript in your browser to complete this form.<\/div><div class=\"wpforms-field-container\"><div id=\"wpforms-4-field_0-container\" class=\"wpforms-field wpforms-field-name wpforms-one-half wpforms-first\" data-field-id=\"0\"><label class=\"wpforms-field-label wpforms-label-hide\" for=\"wpforms-4-field_0\" aria-hidden=\"false\">Nom <span class=\"wpforms-required-label\" aria-hidden=\"true\">*<\/span><\/label><input type=\"text\" id=\"wpforms-4-field_0\" class=\"wpforms-field-large wpforms-field-required\" name=\"wpforms[fields][0]\" placeholder=\"Votre Nom\" aria-errormessage=\"wpforms-4-field_0-error\" required><\/div><div id=\"wpforms-4-field_3-container\" class=\"wpforms-field wpforms-field-email wpforms-one-half\" data-field-id=\"3\"><label class=\"wpforms-field-label wpforms-label-hide\" for=\"wpforms-4-field_3\" aria-hidden=\"false\">Courriel <span class=\"wpforms-required-label\" aria-hidden=\"true\">*<\/span><\/label><input type=\"email\" id=\"wpforms-4-field_3\" class=\"wpforms-field-large wpforms-field-required\" name=\"wpforms[fields][3]\" placeholder=\"Votre adresse courriel\" spellcheck=\"false\" aria-errormessage=\"wpforms-4-field_3-error\" required><\/div><div id=\"wpforms-4-field_5-container\" class=\"wpforms-field wpforms-field-text\" data-field-id=\"5\"><label class=\"wpforms-field-label wpforms-label-hide\" for=\"wpforms-4-field_5\" aria-hidden=\"false\">T\u00e9l\u00e9phone<\/label><input type=\"text\" id=\"wpforms-4-field_5\" class=\"wpforms-field-medium wpforms-masked-input\" data-rule-inputmask-incomplete=\"1\" data-inputmask-mask=\"+1 999 999-9999\" name=\"wpforms[fields][5]\" placeholder=\"T\u00e9l\u00e9phone\" aria-errormessage=\"wpforms-4-field_5-error\" ><\/div><div id=\"wpforms-4-field_4-container\" class=\"wpforms-field wpforms-field-text\" data-field-id=\"4\"><label class=\"wpforms-field-label wpforms-label-hide\" for=\"wpforms-4-field_4\" aria-hidden=\"false\">Sujet<\/label><input type=\"text\" id=\"wpforms-4-field_4\" class=\"wpforms-field-large\" name=\"wpforms[fields][4]\" placeholder=\"Sujet\" aria-errormessage=\"wpforms-4-field_4-error\" ><\/div><div id=\"wpforms-4-field_8-container\" class=\"wpforms-field wpforms-field-checkbox\" data-field-id=\"8\"><fieldset><legend class=\"wpforms-field-label\">Je suis int\u00e9ress\u00e9 par :<\/legend><ul id=\"wpforms-4-field_8\"><li class=\"choice-4 depth-1\"><input type=\"checkbox\" id=\"wpforms-4-field_8_4\" name=\"wpforms[fields][8][]\" value=\"Cosmetic Treatments\" aria-errormessage=\"wpforms-4-field_8_4-error\"  ><label class=\"wpforms-field-label-inline\" for=\"wpforms-4-field_8_4\">Traitements cosm\u00e9tiques<\/label><\/li><li class=\"choice-2 depth-1\"><input type=\"checkbox\" id=\"wpforms-4-field_8_2\" name=\"wpforms[fields][8][]\" value=\"Facials\" aria-errormessage=\"wpforms-4-field_8_2-error\"  ><label class=\"wpforms-field-label-inline\" for=\"wpforms-4-field_8_2\">Traitements faciaux<\/label><\/li><li class=\"choice-1 depth-1\"><input type=\"checkbox\" id=\"wpforms-4-field_8_1\" name=\"wpforms[fields][8][]\" value=\"Lymphatic Drainage Massages\" aria-errormessage=\"wpforms-4-field_8_1-error\"  ><label class=\"wpforms-field-label-inline\" for=\"wpforms-4-field_8_1\">Massages de drainage lymphatique<\/label><\/li><li class=\"choice-3 depth-1\"><input type=\"checkbox\" id=\"wpforms-4-field_8_3\" name=\"wpforms[fields][8][]\" value=\"Wood Therapy\" aria-errormessage=\"wpforms-4-field_8_3-error\"  ><label class=\"wpforms-field-label-inline\" for=\"wpforms-4-field_8_3\">Mad\u00e9roth\u00e9rapie<\/label><\/li><\/ul><\/fieldset><\/div><div id=\"wpforms-4-field_2-container\" class=\"wpforms-field wpforms-field-textarea\" data-field-id=\"2\"><label class=\"wpforms-field-label wpforms-label-hide\" for=\"wpforms-4-field_2\" aria-hidden=\"false\">Message <span class=\"wpforms-required-label\" aria-hidden=\"true\">*<\/span><\/label><textarea id=\"wpforms-4-field_2\" class=\"wpforms-field-medium wpforms-field-required\" name=\"wpforms[fields][2]\" placeholder=\"Votre message\" aria-errormessage=\"wpforms-4-field_2-error\" required><\/textarea><\/div><div id=\"wpforms-4-field_12-container\" class=\"wpforms-field wpforms-field-checkbox\" data-field-id=\"12\"><fieldset><legend class=\"wpforms-field-label\">Notre infolettre<\/legend><ul id=\"wpforms-4-field_12\"><li class=\"choice-1 depth-1\"><input type=\"checkbox\" id=\"wpforms-4-field_12_1\" name=\"wpforms[fields][12][]\" value=\"I would like to subscribe to the promotional newsletter\" aria-errormessage=\"wpforms-4-field_12_1-error\" aria-describedby=\"wpforms-4-field_12-description\"  ><label class=\"wpforms-field-label-inline\" for=\"wpforms-4-field_12_1\">Je souhaite m'abonner \u00e0 l'infolettre<\/label><\/li><\/ul><div id=\"wpforms-4-field_12-description\" class=\"wpforms-field-description\">(Facultatif) Restez inform\u00e9\u00b7e\u00b7s de nos promotions, produits et services. Les infolettres sont envoy\u00e9es environ une fois par mois. Vous pouvez vous d\u00e9sabonner \u00e0 tout moment.<\/div><\/fieldset><\/div><\/div><!-- .wpforms-field-container --><div class=\"wpforms-submit-container\" ><input type=\"hidden\" name=\"wpforms[id]\" value=\"4\"><input type=\"hidden\" name=\"page_title\" value=\"\"><input type=\"hidden\" name=\"page_url\" value=\"https:\/\/maiamedispa.com\/fr\/wp-json\/wp\/v2\/pages\/275\"><button type=\"submit\" name=\"wpforms[submit]\" id=\"wpforms-submit-4\" class=\"wpforms-submit contactform-button\" data-alt-text=\"Sending...\" data-submit-text=\"Send message\" aria-live=\"assertive\" value=\"wpforms-submit\">Envoyer le message<\/button><\/div><input type=\"hidden\" name=\"trp-form-language\" value=\"fr\"\/><\/form><\/div>  <!-- .wpforms-container --><\/div>\n<\/div>\n\n\n<ol class=\"wp-block-footnotes\"><li id=\"3e571926-6d49-4576-9616-db73b50060df\">Tous les prix sont soumis aux taxes provinciales et f\u00e9d\u00e9rales. Les taxes applicables seront calcul\u00e9es au moment de l'achat. <a href=\"#3e571926-6d49-4576-9616-db73b50060df-link\" aria-label=\"Aller \u00e0 la note de bas de page 1\">\u21a9\ufe0e<\/a><\/li><\/ol>","protected":false},"excerpt":{"rendered":"<p>What are facials and what are the benefits of facial treatments? This massage therapy technique uses specific skincare products and massage techniques to improve and brighten your skin, as well as alleviate symptoms from skin concerns and conditions. Benefits of Facials and Facial Treatments Our facials and facial skin treatments [&hellip;]<\/p>","protected":false},"author":3,"featured_media":239,"parent":0,"menu_order":0,"comment_status":"closed","ping_status":"closed","template":"","meta":{"om_disable_all_campaigns":false,"_monsterinsights_skip_tracking":false,"_monsterinsights_sitenote_active":false,"_monsterinsights_sitenote_note":"","_monsterinsights_sitenote_category":0,"footnotes":"[{\"content\":\"All prices are subject to provincial and federal taxes. Applicable taxes will be calculated at the time of purchase.\",\"id\":\"3e571926-6d49-4576-9616-db73b50060df\"}]"},"aioseo_notices":[],"_links":{"self":[{"href":"https:\/\/maiamedispa.com\/fr\/wp-json\/wp\/v2\/pages\/275"}],"collection":[{"href":"https:\/\/maiamedispa.com\/fr\/wp-json\/wp\/v2\/pages"}],"about":[{"href":"https:\/\/maiamedispa.com\/fr\/wp-json\/wp\/v2\/types\/page"}],"author":[{"embeddable":true,"href":"https:\/\/maiamedispa.com\/fr\/wp-json\/wp\/v2\/users\/3"}],"replies":[{"embeddable":true,"href":"https:\/\/maiamedispa.com\/fr\/wp-json\/wp\/v2\/comments?post=275"}],"version-history":[{"count":12,"href":"https:\/\/maiamedispa.com\/fr\/wp-json\/wp\/v2\/pages\/275\/revisions"}],"predecessor-version":[{"id":411,"href":"https:\/\/maiamedispa.com\/fr\/wp-json\/wp\/v2\/pages\/275\/revisions\/411"}],"wp:featuredmedia":[{"embeddable":true,"href":"https:\/\/maiamedispa.com\/fr\/wp-json\/wp\/v2\/media\/239"}],"wp:attachment":[{"href":"https:\/\/maiamedispa.com\/fr\/wp-json\/wp\/v2\/media?parent=275"}],"curies":[{"name":"wp","href":"https:\/\/api.w.org\/{rel}","templated":true}]}}