{"id":304,"date":"2023-10-23T11:47:40","date_gmt":"2023-10-23T15:47:40","guid":{"rendered":"https:\/\/maiamedispa.com\/?page_id=304"},"modified":"2024-04-28T21:42:48","modified_gmt":"2024-04-29T01:42:48","slug":"cosmetic-treatments","status":"publish","type":"page","link":"https:\/\/maiamedispa.com\/fr\/cosmetic-treatments\/","title":{"rendered":"Traitements esth\u00e9tiques par injection - Produits de comblement et neuromodulateurs"},"content":{"rendered":"<p class=\"has-text-color\" style=\"color:#f6b478\">Quels sont les traitements cosm\u00e9tiques disponibles chez M\u00e9dispa Maia ?<\/p>\n\n\n\n<div class=\"wp-block-media-text has-media-on-the-right is-stacked-on-mobile\"><div class=\"wp-block-media-text__content\">\n<p>Chez M\u00e9dispa Maia, nos infirmi\u00e8res injectrices sont qualifi\u00e9es pour administrer des traitements cosm\u00e9tiques tels que<\/p>\n\n\n\n<ul>\n<li>Agents de comblement dermique<\/li>\n\n\n\n<li>Neuromodulators (i.e.: Botox, Nuceiva, Dysport)<\/li>\n<\/ul>\n<\/div><figure class=\"wp-block-media-text__media\"><img loading=\"lazy\" decoding=\"async\" width=\"500\" height=\"375\" src=\"https:\/\/maiamedispa.com\/wp-content\/uploads\/2023\/10\/services-injections-500-2.png\" alt=\"Cosmetic Treatments\" class=\"wp-image-305 size-full\" srcset=\"https:\/\/maiamedispa.com\/wp-content\/uploads\/2023\/10\/services-injections-500-2.png 500w, https:\/\/maiamedispa.com\/wp-content\/uploads\/2023\/10\/services-injections-500-2-300x225.png 300w\" sizes=\"(max-width: 500px) 100vw, 500px\" \/><\/figure><\/div>\n\n\n\n<p>Les traitements cosm\u00e9tiques injectables agissent sous la peau pour am\u00e9liorer et rajeunir votre apparence. Que vous d\u00e9cidiez de traiter les rides avec des neuromodulateurs ou de donner plus de volume \u00e0 vos l\u00e8vres avec des produits de comblement dermique, nos infirmi\u00e8res injectrices qualifi\u00e9es seront en mesure de d\u00e9terminer avec vous le meilleur traitement pour atteindre vos objectifs esth\u00e9tiques et cosm\u00e9tiques.<\/p>\n\n\n\n<h2 class=\"wp-block-heading\">Quelle est la diff\u00e9rence entre les agents de comblement et les traitements cosm\u00e9tiques \u00e0 base de neuromodulateurs ?<\/h2>\n\n\n\n<p>Les agents de comblement des tissus mous sont un moyen non chirurgical peu invasif d'ajouter du volume au visage, d'am\u00e9liorer les contours du visage et de ralentir les signes du vieillissement. Les agents de comblement sont inject\u00e9s dans les zones pour att\u00e9nuer les rides et ajouter du volume ou une am\u00e9lioration \u00e0 l'endroit d\u00e9sir\u00e9. Il s'agit d'une option efficace pour les personnes qui en sont aux premiers stades du vieillissement mais qui ne sont pas pr\u00eates \u00e0 subir une intervention chirurgicale telle qu'un lifting, un lifting du cou ou un lifting des sourcils.<\/p>\n\n\n\n<p>D'autre part, les injections de neuromodulateurs affaiblissent les muscles du visage qui causent les rides du front, les rides du lion autour de la bouche, les rides du nez et les rides de la patte d'oie autour des yeux. Ces injections sont couramment utilis\u00e9es comme traitement non chirurgical et non permanent pour rafra\u00eechir le visage des patients de tous \u00e2ges.<\/p>\n\n\n\n<h2 class=\"wp-block-heading\">Combien co\u00fbtent les traitements cosm\u00e9tiques ?<\/h2>\n\n\n\n<p>Chez M\u00e9dispa Maia, nous proposons plusieurs types de traitements cosm\u00e9tiques. Vous trouverez ci-dessous une description et le co\u00fbt<sup data-fn=\"3e571926-6d49-4576-9616-db73b50060df\" class=\"fn\"><a href=\"#3e571926-6d49-4576-9616-db73b50060df\" id=\"3e571926-6d49-4576-9616-db73b50060df-link\">1<\/a><\/sup> de chaque type de traitement cosm\u00e9tique disponible :<\/p>\n\n\n\n<h3 class=\"wp-block-heading\">Agents de comblement dermique - 580,00 $ par seringue de 1 mL<\/h3>\n\n\n\n<p><a href=\"https:\/\/www.fresha.com\/fr\/book-now\/medispa-maia-inc-jrr0hcd5\/services?lid=1139873&amp;eid=2699350&amp;oiid=sv%3A15292000&amp;pId=1081023\" target=\"_blank\" rel=\"noopener\" title=\"\">Prendre rendez-vous pour un traitement par agent de comblement<\/a>.<\/p>\n\n\n\n<p>Les agents de comblement dermique sont couramment utilis\u00e9s pour traiter les zones suivantes :<\/p>\n\n\n\n<ul>\n<li>Rides profondes (sillons nasog\u00e9niens, rides de marionnette, rides autour des l\u00e8vres, rides du lion)<\/li>\n\n\n\n<li>Perte de volume chez les patients plus \u00e2g\u00e9s \u2013 restaurer la pl\u00e9nitude des joues, des l\u00e8vres et des tempes.<\/li>\n\n\n\n<li>L\u00e9ger rel\u00e2chement de la peau<\/li>\n\n\n\n<li>L\u00e8vres<\/li>\n\n\n\n<li>Rehaussement des pommettes<\/li>\n\n\n\n<li>Am\u00e9lioration de la ligne des m\u00e2choires<\/li>\n\n\n\n<li>Intervention non chirurgicale sur le nez<\/li>\n\n\n\n<li>Am\u00e9lioration du menton<\/li>\n\n\n\n<li>Cuvette \u00e0 larmes<\/li>\n<\/ul>\n\n\n\n<p>Si vous souhaitez obtenir plus d'informations sur les produits de comblement dermique et leur mode d'action, nous vous conseillons de lire <a href=\"https:\/\/www.healthline.com\/health\/dermal-fillers\" target=\"_blank\" rel=\"noopener\" title=\"cet article\">cet article<\/a> de Healthline. Vous pouvez \u00e9galement nous contacter et nous nous ferons un plaisir de r\u00e9pondre \u00e0 vos questions et pr\u00e9occupations.<\/p>\n\n\n\n<h3 class=\"wp-block-heading\">Neuromodulators \u2013 $9.50 per unit<\/h3>\n\n\n\n<p><a href=\"https:\/\/www.fresha.com\/fr\/book-now\/medispa-maia-inc-jrr0hcd5\/services?lid=1139873&amp;eid=2699350&amp;oiid=sv%3A15292052&amp;pId=1081023\" target=\"_blank\" rel=\"noopener\" title=\"\">Prendre rendez-vous pour un traitement par neuromodulateur<\/a>.<\/p>\n\n\n\n<p>Injections for wrinkle reduction such as Botox, Nuceiva and Dysport are not only reserved for those with deep lines. Younger patients showing the first signs of fine lines can benefit from neuromodulator injections as preventative measures, slowing the signs of aging. All candidates will benefit from softened, relaxed lines on the face.<\/p>\n\n\n\n<p>Si vous souhaitez obtenir davantage d'informations sur les neuromodulateurs et leur mode d'action, nous vous conseillons de lire <a href=\"https:\/\/www.healthline.com\/health\/dysport-botox\" target=\"_blank\" rel=\"noopener\" title=\"cet article\">cet article<\/a> de Healthline. Vous pouvez \u00e9galement nous contacter et nous nous ferons un plaisir de r\u00e9pondre \u00e0 vos questions et pr\u00e9occupations.<\/p>\n\n\n\n<h2 class=\"wp-block-heading\" id=\"contact\">Prise de rendez-vous<\/h2>\n\n\n\n<p id=\"contact\">N'h\u00e9sitez pas \u00e0 nous contacter si vous souhaitez obtenir plus d'informations sur nos services et traitements en utilisant le formulaire ci-dessous. Lorsque vous serez pr\u00eat \u00e0 prendre rendez-vous, vous pourrez le faire en utilisant notre <a href=\"https:\/\/www.fresha.com\/fr\/book-now\/medispa-maia-inc-jrr0hcd5\/services?lid=1139873&amp;pId=1081023\" target=\"_blank\" rel=\"noopener\" title=\"\">syst\u00e8me de r\u00e9servation en ligne<\/a>.<\/p>\n\n\n\n<p>En savoir plus sur les <a href=\"\/fr\/#about\" title=\"\">autres services<\/a> disponibles chez M\u00e9dispa Maia.<\/p>\n\n\n\n<p><\/p>\n\n\n\n<div class=\"wp-block-columns has-white-color has-accent-background-color has-text-color has-background is-layout-flex wp-container-core-columns-is-layout-1 wp-block-columns-is-layout-flex\">\n<div class=\"wp-block-column is-layout-flow wp-block-column-is-layout-flow\">\n<h2 class=\"wp-block-heading\">Prendre rendez-vous<\/h2>\n\n\n\n<p>Vous pouvez prendre rendez-vous avec l'un de nos sp\u00e9cialistes de l'esth\u00e9tique en utilisant le bouton \u00ab<em>Prendre rendez-vous<\/em>. \u00bb situ\u00e9 en haut de la page.<\/p>\n\n\n\n<h3 class=\"wp-block-heading\">Notre emplacement<\/h3>\n\n\n\n<p>Nous sommes situ\u00e9s au 1840, boul. des Laurentides, bureau #2, Laval, QC H7M 2P6.<\/p>\n\n\n\n<div class=\"wp-block-buttons has-custom-font-size has-small-font-size is-layout-flex wp-block-buttons-is-layout-flex\">\n<div class=\"wp-block-button\"><a class=\"wp-block-button__link wp-element-button\" href=\"https:\/\/maps.app.goo.gl\/vcZmF8B4nKhhBLnv9\">Voir sur la carte<\/a><\/div>\n<\/div>\n\n\n\n<h3 class=\"wp-block-heading\">Heures d'ouverture<\/h3>\n\n\n\n<p><strong>Nos services sont disponibles uniquement sur rendez-vous.<\/strong><\/p>\n\n\n\n<p>Pour plus d'informations, vous pouvez contacter nos sp\u00e9cialistes de l'esth\u00e9tique en utilisant ce formulaire ou par courriel \u00e0 l'adresse <a href=\"mailto:info@maiamedispa.com\" target=\"_blank\" rel=\"noopener\" title=\"info@maiamedispa.com\" style=\"color: #f6b478;\">info@maiamedispa.com<\/a>.<\/p>\n<\/div>\n\n\n\n<div class=\"wp-block-column is-layout-flow wp-block-column-is-layout-flow\"><style id=\"wpforms-css-vars-root\">\n\t\t\t\t:root {\n\t\t\t\t\t--wpforms-field-border-radius: 3px;\n--wpforms-field-border-style: solid;\n--wpforms-field-border-size: 1px;\n--wpforms-field-background-color: #ffffff;\n--wpforms-field-border-color: rgba( 0, 0, 0, 0.25 );\n--wpforms-field-border-color-spare: rgba( 0, 0, 0, 0.25 );\n--wpforms-field-text-color: rgba( 0, 0, 0, 0.7 );\n--wpforms-field-menu-color: #ffffff;\n--wpforms-label-color: rgba( 0, 0, 0, 0.85 );\n--wpforms-label-sublabel-color: rgba( 0, 0, 0, 0.55 );\n--wpforms-label-error-color: #d63637;\n--wpforms-button-border-radius: 3px;\n--wpforms-button-border-style: none;\n--wpforms-button-border-size: 1px;\n--wpforms-button-background-color: #066aab;\n--wpforms-button-border-color: #066aab;\n--wpforms-button-text-color: #ffffff;\n--wpforms-page-break-color: #066aab;\n--wpforms-background-image: none;\n--wpforms-background-position: center center;\n--wpforms-background-repeat: no-repeat;\n--wpforms-background-size: cover;\n--wpforms-background-width: 100px;\n--wpforms-background-height: 100px;\n--wpforms-background-color: rgba( 0, 0, 0, 0 );\n--wpforms-background-url: none;\n--wpforms-container-padding: 0px;\n--wpforms-container-border-style: none;\n--wpforms-container-border-width: 1px;\n--wpforms-container-border-color: #000000;\n--wpforms-container-border-radius: 3px;\n--wpforms-field-size-input-height: 43px;\n--wpforms-field-size-input-spacing: 15px;\n--wpforms-field-size-font-size: 16px;\n--wpforms-field-size-line-height: 19px;\n--wpforms-field-size-padding-h: 14px;\n--wpforms-field-size-checkbox-size: 16px;\n--wpforms-field-size-sublabel-spacing: 5px;\n--wpforms-field-size-icon-size: 1;\n--wpforms-label-size-font-size: 16px;\n--wpforms-label-size-line-height: 19px;\n--wpforms-label-size-sublabel-font-size: 14px;\n--wpforms-label-size-sublabel-line-height: 17px;\n--wpforms-button-size-font-size: 17px;\n--wpforms-button-size-height: 41px;\n--wpforms-button-size-padding-h: 15px;\n--wpforms-button-size-margin-top: 10px;\n--wpforms-container-shadow-size-box-shadow: none;\n\n\t\t\t\t}\n\t\t\t<\/style><style id=\"wpforms-css-vars-4-block-2332493d-e884-4046-987c-0a4539a22dcd\">\n\t\t\t\t#wpforms-4.wpforms-block-2332493d-e884-4046-987c-0a4539a22dcd {\n\t\t\t\t\t--wpforms-field-text-color: #f6b478;\n--wpforms-label-color: #f6b478;\n--wpforms-label-sublabel-color: #f5b4788f;\n\n\t\t\t\t}\n\t\t\t<\/style><div class=\"wpforms-container wpforms-container-full wpforms-block wpforms-block-2332493d-e884-4046-987c-0a4539a22dcd wpforms-render-modern\" id=\"wpforms-4\"><form id=\"wpforms-form-4\" class=\"wpforms-validate wpforms-form\" data-formid=\"4\" method=\"post\" enctype=\"multipart\/form-data\" action=\"\/fr\/wp-json\/wp\/v2\/pages\/304\" data-token=\"1b385dd20b9ece86dbcca41b2ba22f9e\" data-token-time=\"1775398776\" data-trp-original-action=\"\/fr\/wp-json\/wp\/v2\/pages\/304\"><noscript class=\"wpforms-error-noscript\">Please enable JavaScript in your browser to complete this form.<\/noscript><div class=\"wpforms-hidden\" id=\"wpforms-error-noscript\">Please enable JavaScript in your browser to complete this form.<\/div><div class=\"wpforms-field-container\"><div id=\"wpforms-4-field_0-container\" class=\"wpforms-field wpforms-field-name wpforms-one-half wpforms-first\" data-field-id=\"0\"><label class=\"wpforms-field-label wpforms-label-hide\" for=\"wpforms-4-field_0\" aria-hidden=\"false\">Nom <span class=\"wpforms-required-label\" aria-hidden=\"true\">*<\/span><\/label><input type=\"text\" id=\"wpforms-4-field_0\" class=\"wpforms-field-large wpforms-field-required\" name=\"wpforms[fields][0]\" placeholder=\"Votre Nom\" aria-errormessage=\"wpforms-4-field_0-error\" required><\/div><div id=\"wpforms-4-field_3-container\" class=\"wpforms-field wpforms-field-email wpforms-one-half\" data-field-id=\"3\"><label class=\"wpforms-field-label wpforms-label-hide\" for=\"wpforms-4-field_3\" aria-hidden=\"false\">Courriel <span class=\"wpforms-required-label\" aria-hidden=\"true\">*<\/span><\/label><input type=\"email\" id=\"wpforms-4-field_3\" class=\"wpforms-field-large wpforms-field-required\" name=\"wpforms[fields][3]\" placeholder=\"Votre adresse courriel\" spellcheck=\"false\" aria-errormessage=\"wpforms-4-field_3-error\" required><\/div><div id=\"wpforms-4-field_5-container\" class=\"wpforms-field wpforms-field-text\" data-field-id=\"5\"><label class=\"wpforms-field-label wpforms-label-hide\" for=\"wpforms-4-field_5\" aria-hidden=\"false\">T\u00e9l\u00e9phone<\/label><input type=\"text\" id=\"wpforms-4-field_5\" class=\"wpforms-field-medium wpforms-masked-input\" data-rule-inputmask-incomplete=\"1\" data-inputmask-mask=\"+1 999 999-9999\" name=\"wpforms[fields][5]\" placeholder=\"T\u00e9l\u00e9phone\" aria-errormessage=\"wpforms-4-field_5-error\" ><\/div><div id=\"wpforms-4-field_4-container\" class=\"wpforms-field wpforms-field-text\" data-field-id=\"4\"><label class=\"wpforms-field-label wpforms-label-hide\" for=\"wpforms-4-field_4\" aria-hidden=\"false\">Sujet<\/label><input type=\"text\" id=\"wpforms-4-field_4\" class=\"wpforms-field-large\" name=\"wpforms[fields][4]\" placeholder=\"Sujet\" aria-errormessage=\"wpforms-4-field_4-error\" ><\/div><div id=\"wpforms-4-field_8-container\" class=\"wpforms-field wpforms-field-checkbox\" data-field-id=\"8\"><fieldset><legend class=\"wpforms-field-label\">Je suis int\u00e9ress\u00e9 par :<\/legend><ul id=\"wpforms-4-field_8\"><li class=\"choice-4 depth-1\"><input type=\"checkbox\" id=\"wpforms-4-field_8_4\" name=\"wpforms[fields][8][]\" value=\"Cosmetic Treatments\" aria-errormessage=\"wpforms-4-field_8_4-error\"  ><label class=\"wpforms-field-label-inline\" for=\"wpforms-4-field_8_4\">Traitements cosm\u00e9tiques<\/label><\/li><li class=\"choice-2 depth-1\"><input type=\"checkbox\" id=\"wpforms-4-field_8_2\" name=\"wpforms[fields][8][]\" value=\"Facials\" aria-errormessage=\"wpforms-4-field_8_2-error\"  ><label class=\"wpforms-field-label-inline\" for=\"wpforms-4-field_8_2\">Traitements faciaux<\/label><\/li><li class=\"choice-1 depth-1\"><input type=\"checkbox\" id=\"wpforms-4-field_8_1\" name=\"wpforms[fields][8][]\" value=\"Lymphatic Drainage Massages\" aria-errormessage=\"wpforms-4-field_8_1-error\"  ><label class=\"wpforms-field-label-inline\" for=\"wpforms-4-field_8_1\">Massages de drainage lymphatique<\/label><\/li><li class=\"choice-3 depth-1\"><input type=\"checkbox\" id=\"wpforms-4-field_8_3\" name=\"wpforms[fields][8][]\" value=\"Wood Therapy\" aria-errormessage=\"wpforms-4-field_8_3-error\"  ><label class=\"wpforms-field-label-inline\" for=\"wpforms-4-field_8_3\">Mad\u00e9roth\u00e9rapie<\/label><\/li><\/ul><\/fieldset><\/div><div id=\"wpforms-4-field_2-container\" class=\"wpforms-field wpforms-field-textarea\" data-field-id=\"2\"><label class=\"wpforms-field-label wpforms-label-hide\" for=\"wpforms-4-field_2\" aria-hidden=\"false\">Message <span class=\"wpforms-required-label\" aria-hidden=\"true\">*<\/span><\/label><textarea id=\"wpforms-4-field_2\" class=\"wpforms-field-medium wpforms-field-required\" name=\"wpforms[fields][2]\" placeholder=\"Votre message\" aria-errormessage=\"wpforms-4-field_2-error\" required><\/textarea><\/div><div id=\"wpforms-4-field_12-container\" class=\"wpforms-field wpforms-field-checkbox\" data-field-id=\"12\"><fieldset><legend class=\"wpforms-field-label\">Notre infolettre<\/legend><ul id=\"wpforms-4-field_12\"><li class=\"choice-1 depth-1\"><input type=\"checkbox\" id=\"wpforms-4-field_12_1\" name=\"wpforms[fields][12][]\" value=\"I would like to subscribe to the promotional newsletter\" aria-errormessage=\"wpforms-4-field_12_1-error\" aria-describedby=\"wpforms-4-field_12-description\"  ><label class=\"wpforms-field-label-inline\" for=\"wpforms-4-field_12_1\">Je souhaite m'abonner \u00e0 l'infolettre<\/label><\/li><\/ul><div id=\"wpforms-4-field_12-description\" class=\"wpforms-field-description\">(Facultatif) Restez inform\u00e9\u00b7e\u00b7s de nos promotions, produits et services. Les infolettres sont envoy\u00e9es environ une fois par mois. Vous pouvez vous d\u00e9sabonner \u00e0 tout moment.<\/div><\/fieldset><\/div><\/div><!-- .wpforms-field-container --><div class=\"wpforms-submit-container\" ><input type=\"hidden\" name=\"wpforms[id]\" value=\"4\"><input type=\"hidden\" name=\"page_title\" value=\"\"><input type=\"hidden\" name=\"page_url\" value=\"https:\/\/maiamedispa.com\/fr\/wp-json\/wp\/v2\/pages\/304\"><button type=\"submit\" name=\"wpforms[submit]\" id=\"wpforms-submit-4\" class=\"wpforms-submit contactform-button\" data-alt-text=\"Sending...\" data-submit-text=\"Send message\" aria-live=\"assertive\" value=\"wpforms-submit\">Envoyer le message<\/button><\/div><input type=\"hidden\" name=\"trp-form-language\" value=\"fr\"\/><\/form><\/div>  <!-- .wpforms-container --><\/div>\n<\/div>\n\n\n<ol class=\"wp-block-footnotes\"><li id=\"3e571926-6d49-4576-9616-db73b50060df\">Tous les prix sont soumis aux taxes provinciales et f\u00e9d\u00e9rales. Les taxes applicables seront calcul\u00e9es au moment de l'achat. <a href=\"#3e571926-6d49-4576-9616-db73b50060df-link\" aria-label=\"Aller \u00e0 la note de bas de page 1\">\u21a9\ufe0e<\/a><\/li><\/ol>","protected":false},"excerpt":{"rendered":"<p>Which cosmetic treatments are available at Maia Medispa? Injectable cosmetic treatments work under the skin to improve and rejuvenate your look. Whether you decide to treat wrinkles with neuromodulators or give more volume to your lips with dermal fillers, our fully qualified nurse injectors will be able to determine the [&hellip;]<\/p>","protected":false},"author":3,"featured_media":239,"parent":0,"menu_order":0,"comment_status":"closed","ping_status":"closed","template":"","meta":{"om_disable_all_campaigns":false,"_monsterinsights_skip_tracking":false,"_monsterinsights_sitenote_active":false,"_monsterinsights_sitenote_note":"","_monsterinsights_sitenote_category":0,"footnotes":"[{\"content\":\"All prices are subject to provincial and federal taxes. Applicable taxes will be calculated at the time of purchase.\",\"id\":\"3e571926-6d49-4576-9616-db73b50060df\"}]"},"aioseo_notices":[],"_links":{"self":[{"href":"https:\/\/maiamedispa.com\/fr\/wp-json\/wp\/v2\/pages\/304"}],"collection":[{"href":"https:\/\/maiamedispa.com\/fr\/wp-json\/wp\/v2\/pages"}],"about":[{"href":"https:\/\/maiamedispa.com\/fr\/wp-json\/wp\/v2\/types\/page"}],"author":[{"embeddable":true,"href":"https:\/\/maiamedispa.com\/fr\/wp-json\/wp\/v2\/users\/3"}],"replies":[{"embeddable":true,"href":"https:\/\/maiamedispa.com\/fr\/wp-json\/wp\/v2\/comments?post=304"}],"version-history":[{"count":16,"href":"https:\/\/maiamedispa.com\/fr\/wp-json\/wp\/v2\/pages\/304\/revisions"}],"predecessor-version":[{"id":460,"href":"https:\/\/maiamedispa.com\/fr\/wp-json\/wp\/v2\/pages\/304\/revisions\/460"}],"wp:featuredmedia":[{"embeddable":true,"href":"https:\/\/maiamedispa.com\/fr\/wp-json\/wp\/v2\/media\/239"}],"wp:attachment":[{"href":"https:\/\/maiamedispa.com\/fr\/wp-json\/wp\/v2\/media?parent=304"}],"curies":[{"name":"wp","href":"https:\/\/api.w.org\/{rel}","templated":true}]}}